{"id":14,"date":"2013-12-05T00:31:29","date_gmt":"2013-12-04T23:31:29","guid":{"rendered":"http:\/\/cabrio.wf-graphicdesign.de\/?page_id=14"},"modified":"2026-01-09T11:30:06","modified_gmt":"2026-01-09T10:30:06","slug":"wir-ueber-uns","status":"publish","type":"page","link":"http:\/\/cabriomusic.de\/wp\/?page_id=14","title":{"rendered":"die Band"},"content":{"rendered":"<p><span class=\"text4\" style=\"vertical-align: middle;\">Im Jahr 2024 gab es einen runden Geburtstag zu feiern: Wir sind mit unserer Band &#8222;Cabrio&#8220; (nur die echte ohne &#8222;s&#8220;) \u00a0seit 40 Jahren\u00a0 unterwegs! Unser Ziel: bei den verschiedensten Festen und Anl\u00e4ssen Spa\u00df und gute Laune zu verbreiten. Unsere Geheimwaffe: ein entwaffnender Mix aus der besten Musik der vergangenen 60 Jahre. Das Repertoire reicht von knackigen Oldies im Surfin-Sound der Beach Boys bis zu aktuellen Party-Krachern. Dazwischen liegen Rockklassiker, Disco-Hymnen, NDW und die hei\u00dfesten Schlager. <\/span><\/p>\n<p><a href=\"http:\/\/cabriomusic.de\/wp\/?attachment_id=1375\" rel=\"attachment wp-att-1375\"><img loading=\"lazy\" decoding=\"async\" class=\"alignnone size-large wp-image-1375\" src=\"http:\/\/cabriomusic.de\/wp\/wp-content\/uploads\/2023\/06\/DSC01865-1024x960.jpg\" alt=\"\" width=\"860\" height=\"806\" srcset=\"http:\/\/cabriomusic.de\/wp\/wp-content\/uploads\/2023\/06\/DSC01865-1024x960.jpg 1024w, http:\/\/cabriomusic.de\/wp\/wp-content\/uploads\/2023\/06\/DSC01865-300x281.jpg 300w, http:\/\/cabriomusic.de\/wp\/wp-content\/uploads\/2023\/06\/DSC01865-768x720.jpg 768w, http:\/\/cabriomusic.de\/wp\/wp-content\/uploads\/2023\/06\/DSC01865-1536x1440.jpg 1536w, http:\/\/cabriomusic.de\/wp\/wp-content\/uploads\/2023\/06\/DSC01865-2048x1920.jpg 2048w\" sizes=\"auto, (max-width: 860px) 100vw, 860px\" \/><\/a><\/p>\n<p><span class=\"text4\" style=\"vertical-align: middle;\">Weil wir nicht nur Party machen, sondern uns auch bei Tanzschulen und festlichen B\u00e4llen in der n\u00e4heren und weiteren Region zuhause f\u00fchlen, beherrschen wir vom Langsamen Walzer \u00fcber Cha-Cha-Cha bis zum Slow Fox alles, was das T\u00e4nzerherz begehrt. Kurz gesagt: Keiner, der bei \u201cCabrio\u201d zu kurz kommt. <\/span><\/p>\n<p><span class=\"text4\" style=\"vertical-align: middle;\">Die gro\u00dfe Bandbreite des Repertoires ist unser Geheimrezept und der Grund, warum wir auf vielen Festen -und sogar mittlerweile bei einigen Tanzschulen und Tanzsportclubs- seit \u00fcber zehn Jahren, manche sogar seit mehr als 25 Jahren (!) spielen d\u00fcrfen. Es freut uns und macht uns auch ein bisschen stolz, die Tanz- und Partyband in Rheinhessen zu sein, die am l\u00e4ngsten ununterbrochen in Sachen Musik unterwegs ist.<br \/>\n<\/span><\/p>\n<p>Bei allem Spa\u00df soll die Musik aber auch authentisch klingen. Deshalb legen wir allergr\u00f6\u00dften Wert auf handgemachte Musik. Jeder Ton ist selbst gespielt, nicht das kleinste Fitzelchen kommt aus der Konserve. Wir sind schlie\u00dflich Musiker, keine Schauspieler. Au\u00dferdem legen wir\u00a0 gro\u00dfes Gewicht auf harmonischen und ausgefeilten Chorgesang.<\/p>\n<p>Nicht nur in der personellen Besetzung ist die Gruppe stabil wie keine andere: Auch zahlreiche Auftritte sind Klassiker im Jahresrhythmus.<\/p>\n<p>Wir freuen uns auch auf Euch!<\/p>\n<p>Wir h\u00f6ren voneinander!<\/p>\n<p><a href=\"http:\/\/cabriomusic.de\/wp\/wp-content\/uploads\/2014\/11\/IMG_2911.gif\"><img decoding=\"async\" class=\"alignnone size-full\" src=\"http:\/\/cabriomusic.de\/wp\/wp-content\/uploads\/2014\/11\/IMG_2911.gif\" alt=\"IMG_2911.GIF\" \/><\/a><\/p>\n","protected":false},"excerpt":{"rendered":"<p>Im Jahr 2024 gab es einen runden Geburtstag zu feiern: Wir sind mit unserer Band &#8222;Cabrio&#8220; (nur die echte ohne &#8222;s&#8220;) \u00a0seit 40 Jahren\u00a0 unterwegs! Unser Ziel: bei den verschiedensten Festen und Anl\u00e4ssen Spa\u00df und gute Laune zu verbreiten. Unsere Geheimwaffe: ein entwaffnender Mix aus der besten Musik der vergangenen 60 Jahre. Das Repertoire reicht von knackigen Oldies im Surfin-Sound<\/p>\n","protected":false},"author":1,"featured_media":0,"parent":0,"menu_order":0,"comment_status":"open","ping_status":"open","template":"template-fullwidth.php","meta":{"footnotes":""},"class_list":["post-14","page","type-page","status-publish","hentry"],"_links":{"self":[{"href":"http:\/\/cabriomusic.de\/wp\/index.php?rest_route=\/wp\/v2\/pages\/14","targetHints":{"allow":["GET"]}}],"collection":[{"href":"http:\/\/cabriomusic.de\/wp\/index.php?rest_route=\/wp\/v2\/pages"}],"about":[{"href":"http:\/\/cabriomusic.de\/wp\/index.php?rest_route=\/wp\/v2\/types\/page"}],"author":[{"embeddable":true,"href":"http:\/\/cabriomusic.de\/wp\/index.php?rest_route=\/wp\/v2\/users\/1"}],"replies":[{"embeddable":true,"href":"http:\/\/cabriomusic.de\/wp\/index.php?rest_route=%2Fwp%2Fv2%2Fcomments&post=14"}],"version-history":[{"count":16,"href":"http:\/\/cabriomusic.de\/wp\/index.php?rest_route=\/wp\/v2\/pages\/14\/revisions"}],"predecessor-version":[{"id":1601,"href":"http:\/\/cabriomusic.de\/wp\/index.php?rest_route=\/wp\/v2\/pages\/14\/revisions\/1601"}],"wp:attachment":[{"href":"http:\/\/cabriomusic.de\/wp\/index.php?rest_route=%2Fwp%2Fv2%2Fmedia&parent=14"}],"curies":[{"name":"wp","href":"https:\/\/api.w.org\/{rel}","templated":true}]}}